{"id":127,"date":"2020-04-09T14:08:54","date_gmt":"2020-04-09T12:08:54","guid":{"rendered":"http:\/\/lecznictwoambulatoryjne.org.pl\/?page_id=127"},"modified":"2026-03-08T18:56:35","modified_gmt":"2026-03-08T17:56:35","slug":"godziny-przyjec","status":"publish","type":"page","link":"https:\/\/lecznictwoambulatoryjne.org.pl\/index.php\/godziny-przyjec\/","title":{"rendered":"Um\u00f3w wizyt\u0119"},"content":{"rendered":"\n<div class=\"wp-block-media-text has-media-on-the-right is-stacked-on-mobile is-vertically-aligned-top\" style=\"grid-template-columns:auto 62%\"><div class=\"wp-block-media-text__content\">\n<p><strong>LEKARZE RODZINNI<\/strong><\/p>\n\n\n\n<p><strong>lek. Agnieszka Matusiak-Jo\u0144ska<\/strong><br>Konsultant Wojew\u00f3dzki<br>w dziedzinie medycyny rodzinnej<br>Poniedzia\u0142ek: 9:00 \u2013 14:00<br>\u015aroda: 9:00 \u2013 14:00<br>Czwartek: 9:00 \u2013 13:00<br>Pi\u0105tek: 9:00 \u2013 13:00<\/p>\n\n\n\n<p><\/p>\n\n\n\n<p><strong>lek. Karolina Leszczy\u0144ska<\/strong><br>specjalista medycyny rodzinnej<br>Wtorek: 10:00 \u2013 15:00<br>Czwartek: 10:00 \u2013 15:00<\/p>\n\n\n\n<p><strong>LEKARZE INTERNI\u015aCI<\/strong><\/p>\n\n\n\n<p><strong>lek. Igor Kucharski <\/strong><br>specjalista chor\u00f3b wewn\u0119trznych<br>specjalista kardiolog<br>Poniedzia\u0142ek: 14:30 \u2013 18:00<br>Wtorek: 14:30 \u2013 18:00<br>Czwartek: 14:30 \u2013 18:00<br>Pi\u0105tek: 14:30 \u2013 18:00<\/p>\n\n\n\n<p><strong>lek. Jadwiga Cie\u015blak<\/strong><br>specjalista chor\u00f3b wewn\u0119trznych<br>Wtorek: 15:00 \u2013 18:00<br>\u015aroda: 15:00 \u2013 18:00<br><\/p>\n\n\n\n<p><strong>LEKARZ ALERGOLOG<\/strong><\/p>\n\n\n\n<p><\/p>\n\n\n\n<p><strong>dr n. med. Renata Szwankowska<\/strong><br>specjalista alergolog<br>Poniedzia\u0142ek: 8:00 \u2013 13:00<br>Wtorek: 8:00 \u2013 13:00<br>\u015aroda: 12:00 \u2013 17:00<br>Czwartek: 10:00 \u2013 15:00<\/p>\n\n\n\n<p><br><strong>LEKARZ MEDYCYNY PRACY<\/strong><\/p>\n\n\n\n<p><strong>lek. Przemys\u0142aw Ptak<\/strong><br>specjalista medycyny pracy<br>\u015aroda: 13:00 \u2013 17:00<br><br><\/p>\n\n\n\n<p><br><\/p>\n<\/div><figure class=\"wp-block-media-text__media\"><img loading=\"lazy\" decoding=\"async\" width=\"567\" height=\"847\" src=\"http:\/\/lecznictwoambulatoryjne.org.pl\/wp-content\/uploads\/2025\/02\/Fotolia_552419_S.jpg\" alt=\"\" class=\"wp-image-310 size-full\" srcset=\"https:\/\/lecznictwoambulatoryjne.org.pl\/wp-content\/uploads\/2025\/02\/Fotolia_552419_S.jpg 567w, https:\/\/lecznictwoambulatoryjne.org.pl\/wp-content\/uploads\/2025\/02\/Fotolia_552419_S-201x300.jpg 201w\" sizes=\"auto, (max-width: 567px) 100vw, 567px\" \/><\/figure><\/div>\n\n\n","protected":false},"excerpt":{"rendered":"<p>LEKARZE RODZINNI lek. Agnieszka Matusiak-Jo\u0144skaKonsultant Wojew\u00f3dzkiw dziedzinie medycyny rodzinnejPoniedzia\u0142ek: 9:00 \u2013 14:00\u015aroda: 9:00 \u2013 14:00Czwartek: 9:00 \u2013 13:00Pi\u0105tek: 9:00 \u2013 13:00 lek. Karolina Leszczy\u0144skaspecjalista medycyny rodzinnejWtorek: 10:00 \u2013 15:00Czwartek: 10:00 \u2013 15:00 LEKARZE INTERNI\u015aCI lek. Igor Kucharski specjalista chor\u00f3b wewn\u0119trznychspecjalista kardiologPoniedzia\u0142ek: 14:30 \u2013 18:00Wtorek: 14:30 \u2013 18:00Czwartek: 14:30 \u2013 18:00Pi\u0105tek: 14:30 \u2013 18:00 lek. Jadwiga Cie\u015blakspecjalista chor\u00f3b wewn\u0119trznychWtorek: 15:00 \u2013 18:00\u015aroda: 15:00 \u2013 18:00 LEKARZ ALERGOLOG dr n. med. Renata Szwankowskaspecjalista alergologPoniedzia\u0142ek: 8:00 \u2013 13:00Wtorek: 8:00 \u2013 13:00\u015aroda: 12:00 \u2013 17:00Czwartek: 10:00 \u2013 15:00 LEKARZ MEDYCYNY PRACY lek. Przemys\u0142aw Ptakspecjalista medycyny pracy\u015aroda: 13:00 \u2013 17:00<\/p>\n","protected":false},"author":1,"featured_media":0,"parent":0,"menu_order":0,"comment_status":"closed","ping_status":"closed","template":"","meta":{"footnotes":""},"class_list":["post-127","page","type-page","status-publish","hentry"],"_links":{"self":[{"href":"https:\/\/lecznictwoambulatoryjne.org.pl\/index.php\/wp-json\/wp\/v2\/pages\/127","targetHints":{"allow":["GET"]}}],"collection":[{"href":"https:\/\/lecznictwoambulatoryjne.org.pl\/index.php\/wp-json\/wp\/v2\/pages"}],"about":[{"href":"https:\/\/lecznictwoambulatoryjne.org.pl\/index.php\/wp-json\/wp\/v2\/types\/page"}],"author":[{"embeddable":true,"href":"https:\/\/lecznictwoambulatoryjne.org.pl\/index.php\/wp-json\/wp\/v2\/users\/1"}],"replies":[{"embeddable":true,"href":"https:\/\/lecznictwoambulatoryjne.org.pl\/index.php\/wp-json\/wp\/v2\/comments?post=127"}],"version-history":[{"count":20,"href":"https:\/\/lecznictwoambulatoryjne.org.pl\/index.php\/wp-json\/wp\/v2\/pages\/127\/revisions"}],"predecessor-version":[{"id":436,"href":"https:\/\/lecznictwoambulatoryjne.org.pl\/index.php\/wp-json\/wp\/v2\/pages\/127\/revisions\/436"}],"wp:attachment":[{"href":"https:\/\/lecznictwoambulatoryjne.org.pl\/index.php\/wp-json\/wp\/v2\/media?parent=127"}],"curies":[{"name":"wp","href":"https:\/\/api.w.org\/{rel}","templated":true}]}}