{"id":18,"date":"2020-03-26T13:20:21","date_gmt":"2020-03-26T12:20:21","guid":{"rendered":"http:\/\/lecznictwoambulatoryjne.org.pl\/?page_id=18"},"modified":"2025-10-16T14:38:16","modified_gmt":"2025-10-16T12:38:16","slug":"o-nas","status":"publish","type":"page","link":"https:\/\/lecznictwoambulatoryjne.org.pl\/index.php\/o-nas\/","title":{"rendered":"O nas"},"content":{"rendered":"\n<p><strong><em>Pacjent przede wszystkim. Nasz\u0105 misj\u0105 jest poprawa zdrowia spo\u0142eczno\u015bci, kt\u00f3rej s\u0142u\u017cymy, poprzez \u015bwiadczenie jak najwy\u017cszej jako\u015bci us\u0142ug opieki zdrowotnej. Pe\u0142na pasji opieka nad pacjentem jest naszym priorytetem<\/em><\/strong>.<\/p>\n\n\n\n<p>W 1999 roku zacz\u0119\u0142a obowi\u0105zywa\u0107 wprowadzona przez rz\u0105d Jerzego Buzka reforma s\u0142u\u017cby zdrowia, kt\u00f3ra by\u0142a jedn\u0105 z tak zwanych czterech wielkich reform. W tym samym roku powsta\u0142a przychodnia NZOZ Lecznictwo Ambulatoryjne, \u015bwiadcz\u0105ca us\u0142ugi podstawowej opieki zdrowotnej dla dzieci i doros\u0142ych, oraz \u015bwiadczenia specjalistyczne w zakresie alergologii. Nie znaczy to jednak, \u017ce nie by\u0142o nas tam wcze\u015bniej. Lekarze zak\u0142adaj\u0105cy poradni\u0119 byli wieloletnimi pracownikami istniej\u0105cego wcze\u015bniej ZOZ Wilda. Wszyscy od dziesi\u0119cioleci zwi\u0105zani zar\u00f3wno ze s\u0142u\u017cb\u0105 zdrowia, jak i z dzielnic\u0105. <br><br>NZOZ Lecznictwo Ambulatoryjne swoj\u0105 dzia\u0142alno\u015b\u0107 w ca\u0142o\u015bci finansuje ze \u015brodk\u00f3w pochodz\u0105cych z Narodowego Funduszu Zdrowia, uzyskiwanych na podstawie umowy o udzielanie \u015bwiadcze\u0144 gwarantowanych w rodzaju podstawowa opieka zdrowotna oraz umowy o udzielanie \u015bwiadcze\u0144 opieki zdrowotnej ambulatoryjna opieka specjalistyczna. Oznacza to, \u017ce pacjenci wszystkie \u015bwiadczenia medyczne oferowane przez nasz\u0105 przychodni\u0119 otrzymuj\u0105 nieodp\u0142atnie.<\/p>\n\n\n\n<p>NZOZ Lecznictwo Ambulatoryjne zapewnia swoim pacjentom, mieszka\u0144com pozna\u0144skiej dzielnicy Wilda oraz ca\u0142ego wojew\u00f3dztwa wielkopolskiego, us\u0142ugi z zakresu \u015bwiadcze\u0144 <strong>podstawowej opieki zdrowotnej<\/strong> takie jak:<\/p>\n\n\n\n<ul class=\"wp-block-list\">\n<li>profilaktyk\u0119 chor\u00f3b, w tym badania i porady w ramach profilaktyki wieku rozwojowego oraz szczepienia ochronne,<\/li>\n\n\n\n<li>udzielanie porad w leczeniu schorze\u0144, w tym zapewnienie diagnostyki laboratoryjnej oraz obrazowej i nieobrazowej (EKG, RTG) zgodnie z obowi\u0105zuj\u0105cym wykazem,<\/li>\n\n\n\n<li>\u015bwiadczenia profilaktyki chor\u00f3b uk\u0142adu kr\u0105\u017cenia, gru\u017alicy itp.,<\/li>\n\n\n\n<li>wykonywanie zabieg\u00f3w w gabinecie zabiegowym i w domu pacjenta,<\/li>\n\n\n\n<li>orzekanie o stanie zdrowia,<\/li>\n\n\n\n<li>inne \u015bwiadczenia wynikaj\u0105ce z potrzeb populacji obj\u0119tej opiek\u0105, w tym: kierowanie do poradni specjalistycznych i na leczenie szpitalne, kierowanie na rehabilitacj\u0119 i leczenie uzdrowiskowe, kwalifikowanie do\u015bwiadcze\u0144 transportu sanitarnego w POZ i wystawianie zlece\u0144 przewoz\u00f3w, wystawianie zlece\u0144 na realizacj\u0119 \u015bwiadcze\u0144 pozostaj\u0105cych w zakresie zada\u0144 piel\u0119gniarki POZ, wystawianie za\u015bwiadcze\u0144 dotycz\u0105cych stanu zdrowia pacjenta,<\/li>\n\n\n\n<li>\u015bwiadczenia profilaktyczne u dzieci, w tym w wieku do 6 lat,<\/li>\n\n\n\n<li>\u015bwiadczenia lecznicze, w tym: wykonywanie iniekcji i zabieg\u00f3w na podstawie zlece\u0144 lekarzy ubezpieczenia zdrowotnego w gabinecie piel\u0119gniarki,<\/li>\n\n\n\n<li>\u015bwiadczenia piel\u0119gnacyjne dla os\u00f3b, u kt\u00f3rych wyst\u0119puje ograniczenie sprawno\u015bci psychofizycznej w wyniku choroby.<\/li>\n<\/ul>\n\n\n\n<p><strong>Z zakresu \u015bwiadcze\u0144 poradni alergologicznej jak:<\/strong><\/p>\n\n\n\n<ul class=\"wp-block-list\">\n<li>diagnostyka i leczenie chor\u00f3b alergicznych,<\/li>\n\n\n\n<li>badania spirometryczne,<\/li>\n\n\n\n<li>wykonywanie test\u00f3w alergologicznych,<\/li>\n\n\n\n<li>immunoterapi\u0119.<\/li>\n<\/ul>\n\n\n\n<p><strong>Z zakresu medycyny pracy:<\/strong><\/p>\n\n\n\n<ul class=\"wp-block-list\">\n<li>badania wst\u0119pne i okresowe<\/li>\n\n\n\n<li>orzeczenia lekarza medycyny pracy<\/li>\n\n\n\n<li>konsultacje okulistyczne, laryngologiczne, neurologiczne<\/li>\n\n\n\n<li>badania EKG, spirometryczne, audiogramu<\/li>\n\n\n\n<li>psychotesty dla kierowc\u00f3w kat. B, kierowc\u00f3w transportu drogowego, operator\u00f3w w\u00f3zk\u00f3w wid\u0142owych i maszyn budowlanych<\/li>\n\n\n\n<li>laboratoryjne badania krwi i moczu<\/li>\n<\/ul>\n\n\n\n<p>W\u0142a\u015bcicielem NZOZ Lecznictwo Ambulatoryjne jest Przychodnia Lekarska Sp. z o.o. maj\u0105ca swoj\u0105 siedzib\u0119:<\/p>\n\n\n\n<p>ul. 28 Czerwca 1956r. 149A<\/p>\n\n\n\n<p>61-525 Pozna\u0144<\/p>\n\n\n\n<p>tel: 61 833 39 66<\/p>\n\n\n\n<p>e-mail: <a href=\"mailto:lecznictwoambulatoryjne@o2.pl\">lecznictwoambulatoryjne@o2.pl<\/a><\/p>\n\n\n\n<p><\/p>\n\n\n\n<figure class=\"wp-block-image size-large\"><img loading=\"lazy\" decoding=\"async\" width=\"1024\" height=\"560\" src=\"http:\/\/lecznictwoambulatoryjne.org.pl\/wp-content\/uploads\/2025\/02\/NZOZ_Wilda_NFZ-1024x560.jpg\" alt=\"\" class=\"wp-image-300\" srcset=\"https:\/\/lecznictwoambulatoryjne.org.pl\/wp-content\/uploads\/2025\/02\/NZOZ_Wilda_NFZ-1024x560.jpg 1024w, https:\/\/lecznictwoambulatoryjne.org.pl\/wp-content\/uploads\/2025\/02\/NZOZ_Wilda_NFZ-300x164.jpg 300w, https:\/\/lecznictwoambulatoryjne.org.pl\/wp-content\/uploads\/2025\/02\/NZOZ_Wilda_NFZ-768x420.jpg 768w, https:\/\/lecznictwoambulatoryjne.org.pl\/wp-content\/uploads\/2025\/02\/NZOZ_Wilda_NFZ-1536x839.jpg 1536w, https:\/\/lecznictwoambulatoryjne.org.pl\/wp-content\/uploads\/2025\/02\/NZOZ_Wilda_NFZ-2048x1119.jpg 2048w, https:\/\/lecznictwoambulatoryjne.org.pl\/wp-content\/uploads\/2025\/02\/NZOZ_Wilda_NFZ-1140x623.jpg 1140w\" sizes=\"auto, (max-width: 1024px) 100vw, 1024px\" \/><\/figure>\n","protected":false},"excerpt":{"rendered":"<p>Pacjent przede wszystkim. Nasz\u0105 misj\u0105 jest poprawa zdrowia spo\u0142eczno\u015bci, kt\u00f3rej s\u0142u\u017cymy, poprzez \u015bwiadczenie jak najwy\u017cszej jako\u015bci us\u0142ug opieki zdrowotnej. Pe\u0142na pasji opieka nad pacjentem jest naszym priorytetem. W 1999 roku zacz\u0119\u0142a obowi\u0105zywa\u0107 wprowadzona przez rz\u0105d Jerzego Buzka reforma s\u0142u\u017cby zdrowia, kt\u00f3ra by\u0142a jedn\u0105 z tak zwanych czterech wielkich reform. W tym samym roku powsta\u0142a przychodnia NZOZ Lecznictwo Ambulatoryjne, \u015bwiadcz\u0105ca us\u0142ugi podstawowej opieki zdrowotnej dla dzieci i doros\u0142ych, oraz \u015bwiadczenia specjalistyczne w zakresie alergologii. Nie znaczy to jednak, \u017ce nie by\u0142o nas tam wcze\u015bniej. Lekarze zak\u0142adaj\u0105cy poradni\u0119 byli wieloletnimi pracownikami istniej\u0105cego wcze\u015bniej ZOZ Wilda. Wszyscy od dziesi\u0119cioleci zwi\u0105zani zar\u00f3wno ze s\u0142u\u017cb\u0105 zdrowia, jak i z dzielnic\u0105. NZOZ Lecznictwo Ambulatoryjne swoj\u0105 dzia\u0142alno\u015b\u0107 w ca\u0142o\u015bci finansuje ze \u015brodk\u00f3w pochodz\u0105cych z Narodowego Funduszu Zdrowia, uzyskiwanych na podstawie umowy o udzielanie \u015bwiadcze\u0144 gwarantowanych w rodzaju podstawowa opieka zdrowotna oraz umowy o udzielanie \u015bwiadcze\u0144 opieki zdrowotnej ambulatoryjna opieka specjalistyczna. Oznacza to, \u017ce pacjenci wszystkie \u015bwiadczenia medyczne oferowane przez nasz\u0105 przychodni\u0119 otrzymuj\u0105 nieodp\u0142atnie. NZOZ Lecznictwo Ambulatoryjne zapewnia swoim pacjentom, mieszka\u0144com pozna\u0144skiej dzielnicy Wilda oraz ca\u0142ego wojew\u00f3dztwa wielkopolskiego, us\u0142ugi z zakresu \u015bwiadcze\u0144 podstawowej opieki zdrowotnej takie jak: Z zakresu \u015bwiadcze\u0144 poradni alergologicznej jak: Z zakresu medycyny pracy: W\u0142a\u015bcicielem NZOZ Lecznictwo Ambulatoryjne jest Przychodnia Lekarska Sp. z o.o. maj\u0105ca swoj\u0105 siedzib\u0119: ul. 28 Czerwca 1956r. 149A 61-525 Pozna\u0144 tel: 61 833 39 66 e-mail: lecznictwoambulatoryjne@o2.pl<\/p>\n","protected":false},"author":1,"featured_media":0,"parent":0,"menu_order":0,"comment_status":"closed","ping_status":"closed","template":"","meta":{"footnotes":""},"class_list":["post-18","page","type-page","status-publish","hentry"],"_links":{"self":[{"href":"https:\/\/lecznictwoambulatoryjne.org.pl\/index.php\/wp-json\/wp\/v2\/pages\/18","targetHints":{"allow":["GET"]}}],"collection":[{"href":"https:\/\/lecznictwoambulatoryjne.org.pl\/index.php\/wp-json\/wp\/v2\/pages"}],"about":[{"href":"https:\/\/lecznictwoambulatoryjne.org.pl\/index.php\/wp-json\/wp\/v2\/types\/page"}],"author":[{"embeddable":true,"href":"https:\/\/lecznictwoambulatoryjne.org.pl\/index.php\/wp-json\/wp\/v2\/users\/1"}],"replies":[{"embeddable":true,"href":"https:\/\/lecznictwoambulatoryjne.org.pl\/index.php\/wp-json\/wp\/v2\/comments?post=18"}],"version-history":[{"count":17,"href":"https:\/\/lecznictwoambulatoryjne.org.pl\/index.php\/wp-json\/wp\/v2\/pages\/18\/revisions"}],"predecessor-version":[{"id":418,"href":"https:\/\/lecznictwoambulatoryjne.org.pl\/index.php\/wp-json\/wp\/v2\/pages\/18\/revisions\/418"}],"wp:attachment":[{"href":"https:\/\/lecznictwoambulatoryjne.org.pl\/index.php\/wp-json\/wp\/v2\/media?parent=18"}],"curies":[{"name":"wp","href":"https:\/\/api.w.org\/{rel}","templated":true}]}}